{"id":344,"date":"2021-08-27T11:48:12","date_gmt":"2021-08-27T11:48:12","guid":{"rendered":"http:\/\/dummy.xtemos.com\/woodmart2\/elementor\/?post_type=product&#038;p=344"},"modified":"2026-03-06T23:25:21","modified_gmt":"2026-03-06T23:25:21","slug":"down-jacket-mujer","status":"publish","type":"product","link":"https:\/\/oliviaexplorer.com\/index.php\/product\/down-jacket-mujer\/","title":{"rendered":"The North Face \u2013 Down Jacket Mujer"},"content":{"rendered":"","protected":false},"excerpt":{"rendered":"<p>The North Face \u2013 Down Jacket Mujer<\/p>\n<p>Aislaci\u00f3n t\u00e9rmica de alto rendimiento para monta\u00f1a y bajas temperaturas.<br \/>\nConstrucci\u00f3n acolchada con relleno de pluma que entrega excelente retenci\u00f3n de calor, ligereza y compresibilidad.<\/p>\n<p>Dise\u00f1ada para invierno en cordillera, expediciones fr\u00edas o uso urbano en clima extremo.<\/p>\n<p>Talla: Mujer M<br \/>\nEstado: Excelente<\/p>\n<p>Precio: $180.000 CLP<br \/>\nEnv\u00edos a todo Chile.<\/p>\n<p>Olivia Store Outdoor<br \/>\nEquipamiento t\u00e9cnico para monta\u00f1a real.<\/p>\n","protected":false},"featured_media":16112,"comment_status":"open","ping_status":"closed","template":"","meta":[],"product_brand":[],"product_cat":[72,29,74,32],"product_tag":[],"class_list":{"0":"post-344","1":"product","2":"type-product","3":"status-publish","4":"has-post-thumbnail","6":"product_cat-invierno","7":"product_cat-montana","8":"product_cat-old-school","9":"product_cat-trekking","11":"first","12":"instock","13":"featured","14":"shipping-taxable","15":"purchasable","16":"product-type-simple"},"_links":{"self":[{"href":"https:\/\/oliviaexplorer.com\/index.php\/wp-json\/wp\/v2\/product\/344","targetHints":{"allow":["GET"]}}],"collection":[{"href":"https:\/\/oliviaexplorer.com\/index.php\/wp-json\/wp\/v2\/product"}],"about":[{"href":"https:\/\/oliviaexplorer.com\/index.php\/wp-json\/wp\/v2\/types\/product"}],"replies":[{"embeddable":true,"href":"https:\/\/oliviaexplorer.com\/index.php\/wp-json\/wp\/v2\/comments?post=344"}],"version-history":[{"count":8,"href":"https:\/\/oliviaexplorer.com\/index.php\/wp-json\/wp\/v2\/product\/344\/revisions"}],"predecessor-version":[{"id":16235,"href":"https:\/\/oliviaexplorer.com\/index.php\/wp-json\/wp\/v2\/product\/344\/revisions\/16235"}],"wp:featuredmedia":[{"embeddable":true,"href":"https:\/\/oliviaexplorer.com\/index.php\/wp-json\/wp\/v2\/media\/16112"}],"wp:attachment":[{"href":"https:\/\/oliviaexplorer.com\/index.php\/wp-json\/wp\/v2\/media?parent=344"}],"wp:term":[{"taxonomy":"product_brand","embeddable":true,"href":"https:\/\/oliviaexplorer.com\/index.php\/wp-json\/wp\/v2\/product_brand?post=344"},{"taxonomy":"product_cat","embeddable":true,"href":"https:\/\/oliviaexplorer.com\/index.php\/wp-json\/wp\/v2\/product_cat?post=344"},{"taxonomy":"product_tag","embeddable":true,"href":"https:\/\/oliviaexplorer.com\/index.php\/wp-json\/wp\/v2\/product_tag?post=344"}],"curies":[{"name":"wp","href":"https:\/\/api.w.org\/{rel}","templated":true}]}}