{"id":372,"date":"2021-08-27T11:59:19","date_gmt":"2021-08-27T11:59:19","guid":{"rendered":"http:\/\/dummy.xtemos.com\/woodmart2\/elementor\/?post_type=product&#038;p=372"},"modified":"2026-03-06T23:16:36","modified_gmt":"2026-03-06T23:16:36","slug":"augue-adipiscing-euismod","status":"publish","type":"product","link":"https:\/\/oliviaexplorer.com\/index.php\/product\/augue-adipiscing-euismod\/","title":{"rendered":"Salomon Gore-Tex \u2013 Trail \/ Outdoor"},"content":{"rendered":"","protected":false},"excerpt":{"rendered":"<p>Salomon Gore-Tex \u2013 Trail \/ Outdoor<\/p>\n<p>Zapatillas Salomon originales, dise\u00f1o t\u00e9cnico para trekking y uso outdoor. Construcci\u00f3n robusta con excelente tracci\u00f3n y protecci\u00f3n en todo tipo de terreno.<\/p>\n<p>Especificaciones:<br \/>\n* Marca: Salomon<br \/>\n* Tecnolog\u00eda Gore-Tex (impermeables)<br \/>\n* Suela Contagrip\u00ae de alto agarre<br \/>\n* Color: Negro<br \/>\n* Talla: EUR 40 \/ USA 8<br \/>\n* Made in Vietnam<br \/>\n* Nuevas<\/p>\n<p>\ud83d\udcb0 Precio: $120.000<br \/>\n\ud83d\udcb3 Pago con Mercado Pago<br \/>\n\ud83d\ude9a Env\u00edos a todo Chile<\/p>\n<p>Disponible en Olivia Store Outdoor.<\/p>\n","protected":false},"featured_media":16054,"comment_status":"open","ping_status":"closed","template":"","meta":[],"product_brand":[],"product_cat":[29,32],"product_tag":[],"class_list":{"0":"post-372","1":"product","2":"type-product","3":"status-publish","4":"has-post-thumbnail","6":"product_cat-montana","7":"product_cat-trekking","9":"first","10":"instock","11":"shipping-taxable","12":"purchasable","13":"product-type-simple"},"_links":{"self":[{"href":"https:\/\/oliviaexplorer.com\/index.php\/wp-json\/wp\/v2\/product\/372","targetHints":{"allow":["GET"]}}],"collection":[{"href":"https:\/\/oliviaexplorer.com\/index.php\/wp-json\/wp\/v2\/product"}],"about":[{"href":"https:\/\/oliviaexplorer.com\/index.php\/wp-json\/wp\/v2\/types\/product"}],"replies":[{"embeddable":true,"href":"https:\/\/oliviaexplorer.com\/index.php\/wp-json\/wp\/v2\/comments?post=372"}],"version-history":[{"count":6,"href":"https:\/\/oliviaexplorer.com\/index.php\/wp-json\/wp\/v2\/product\/372\/revisions"}],"predecessor-version":[{"id":16060,"href":"https:\/\/oliviaexplorer.com\/index.php\/wp-json\/wp\/v2\/product\/372\/revisions\/16060"}],"wp:featuredmedia":[{"embeddable":true,"href":"https:\/\/oliviaexplorer.com\/index.php\/wp-json\/wp\/v2\/media\/16054"}],"wp:attachment":[{"href":"https:\/\/oliviaexplorer.com\/index.php\/wp-json\/wp\/v2\/media?parent=372"}],"wp:term":[{"taxonomy":"product_brand","embeddable":true,"href":"https:\/\/oliviaexplorer.com\/index.php\/wp-json\/wp\/v2\/product_brand?post=372"},{"taxonomy":"product_cat","embeddable":true,"href":"https:\/\/oliviaexplorer.com\/index.php\/wp-json\/wp\/v2\/product_cat?post=372"},{"taxonomy":"product_tag","embeddable":true,"href":"https:\/\/oliviaexplorer.com\/index.php\/wp-json\/wp\/v2\/product_tag?post=372"}],"curies":[{"name":"wp","href":"https:\/\/api.w.org\/{rel}","templated":true}]}}