{"id":395,"date":"2021-08-27T12:11:46","date_gmt":"2021-08-27T12:11:46","guid":{"rendered":"http:\/\/dummy.xtemos.com\/woodmart2\/elementor\/?post_type=product&#038;p=395"},"modified":"2026-03-06T23:00:53","modified_gmt":"2026-03-06T23:00:53","slug":"hoka-clifton-9-gtx","status":"publish","type":"product","link":"https:\/\/oliviaexplorer.com\/index.php\/product\/hoka-clifton-9-gtx\/","title":{"rendered":"HOKA Clifton 9 GTX"},"content":{"rendered":"","protected":false},"excerpt":{"rendered":"<p>HOKA Clifton 9 GTX<\/p>\n<p>Running t\u00e9cnico impermeable.<\/p>\n<p>Versi\u00f3n GORE-TEX del ic\u00f3nico Clifton 9, dise\u00f1ada para entrenar y moverse en condiciones h\u00famedas y clima fr\u00edo. Combina amortiguaci\u00f3n liviana, estabilidad y protecci\u00f3n impermeable sin sacrificar respirabilidad.<\/p>\n<p>Ideal para running urbano, lluvia, senderos compactos y uso diario en invierno.<\/p>\n<p>Talla: US 12B \/ EU 45\u2153 \/ JPN 29<br \/>\nEstado: Nuevas<\/p>\n<p>Precio: $80.000 CLP<br \/>\nEnv\u00edos a todo Chile.<\/p>\n<p>Olivia Store Outdoor<br \/>\nEquipamiento t\u00e9cnico para monta\u00f1a y clima real.<\/p>\n","protected":false},"featured_media":16103,"comment_status":"open","ping_status":"closed","template":"","meta":[],"product_brand":[],"product_cat":[20,32],"product_tag":[],"class_list":{"0":"post-395","1":"product","2":"type-product","3":"status-publish","4":"has-post-thumbnail","6":"product_cat-deporte","7":"product_cat-trekking","9":"first","10":"instock","11":"shipping-taxable","12":"purchasable","13":"product-type-simple"},"_links":{"self":[{"href":"https:\/\/oliviaexplorer.com\/index.php\/wp-json\/wp\/v2\/product\/395","targetHints":{"allow":["GET"]}}],"collection":[{"href":"https:\/\/oliviaexplorer.com\/index.php\/wp-json\/wp\/v2\/product"}],"about":[{"href":"https:\/\/oliviaexplorer.com\/index.php\/wp-json\/wp\/v2\/types\/product"}],"replies":[{"embeddable":true,"href":"https:\/\/oliviaexplorer.com\/index.php\/wp-json\/wp\/v2\/comments?post=395"}],"version-history":[{"count":9,"href":"https:\/\/oliviaexplorer.com\/index.php\/wp-json\/wp\/v2\/product\/395\/revisions"}],"predecessor-version":[{"id":16224,"href":"https:\/\/oliviaexplorer.com\/index.php\/wp-json\/wp\/v2\/product\/395\/revisions\/16224"}],"wp:featuredmedia":[{"embeddable":true,"href":"https:\/\/oliviaexplorer.com\/index.php\/wp-json\/wp\/v2\/media\/16103"}],"wp:attachment":[{"href":"https:\/\/oliviaexplorer.com\/index.php\/wp-json\/wp\/v2\/media?parent=395"}],"wp:term":[{"taxonomy":"product_brand","embeddable":true,"href":"https:\/\/oliviaexplorer.com\/index.php\/wp-json\/wp\/v2\/product_brand?post=395"},{"taxonomy":"product_cat","embeddable":true,"href":"https:\/\/oliviaexplorer.com\/index.php\/wp-json\/wp\/v2\/product_cat?post=395"},{"taxonomy":"product_tag","embeddable":true,"href":"https:\/\/oliviaexplorer.com\/index.php\/wp-json\/wp\/v2\/product_tag?post=395"}],"curies":[{"name":"wp","href":"https:\/\/api.w.org\/{rel}","templated":true}]}}